{"id":1700,"date":"2025-02-28T12:51:47","date_gmt":"2025-02-28T10:51:47","guid":{"rendered":"https:\/\/guiadescalada.com\/guiatge\/"},"modified":"2025-09-15T13:47:51","modified_gmt":"2025-09-15T11:47:51","slug":"guiatge","status":"publish","type":"page","link":"https:\/\/guiadescalada.com\/es\/guiatge\/","title":{"rendered":"Guiaje"},"content":{"rendered":"\t\t<div data-elementor-type=\"wp-page\" data-elementor-id=\"1700\" class=\"elementor elementor-1700 elementor-622\" data-elementor-post-type=\"page\">\n\t\t\t\t\t\t<section class=\"elementor-section elementor-top-section elementor-element elementor-element-6eee9cce elementor-section-boxed elementor-section-height-default elementor-section-height-default\" data-id=\"6eee9cce\" data-element_type=\"section\">\n\t\t\t\t\t\t<div class=\"elementor-container elementor-column-gap-default\">\n\t\t\t\t\t<div class=\"aux-parallax-section elementor-column elementor-col-100 elementor-top-column elementor-element elementor-element-1d3ff8f6\" data-id=\"1d3ff8f6\" data-element_type=\"column\">\n\t\t\t<div class=\"elementor-widget-wrap elementor-element-populated\">\n\t\t\t\t\t\t<section class=\"elementor-section elementor-inner-section elementor-element elementor-element-70ce52c9 elementor-section-boxed elementor-section-height-default elementor-section-height-default\" data-id=\"70ce52c9\" data-element_type=\"section\">\n\t\t\t\t\t\t<div class=\"elementor-container elementor-column-gap-default\">\n\t\t\t\t\t<div class=\"aux-parallax-section elementor-column elementor-col-100 elementor-inner-column elementor-element elementor-element-42f8fa1\" data-id=\"42f8fa1\" data-element_type=\"column\" data-settings=\"{&quot;background_background&quot;:&quot;classic&quot;}\">\n\t\t\t<div class=\"elementor-widget-wrap elementor-element-populated\">\n\t\t\t\t\t\t<div class=\"elementor-element elementor-element-71ae9450 aux-appear-watch-animation aux-fade-in-up elementor-hidden-mobile elementor-widget elementor-widget-aux_modern_heading\" data-id=\"71ae9450\" data-element_type=\"widget\" data-widget_type=\"aux_modern_heading.default\">\n\t\t\t\t<div class=\"elementor-widget-container\">\n\t\t\t\t\t<section class=\"aux-widget-modern-heading\">\n            <div class=\"aux-widget-inner\"><h4 class=\"aux-modern-heading-primary\"><\/h4><h3 class=\"aux-modern-heading-secondary\"><span class=\"aux-head-before\">Guiaje<\/span><\/h3><\/div>\n        <\/section>\t\t\t\t<\/div>\n\t\t\t\t<\/div>\n\t\t\t\t<div class=\"elementor-element elementor-element-70d72e00 elementor-widget elementor-widget-text-editor\" data-id=\"70d72e00\" data-element_type=\"widget\" data-widget_type=\"text-editor.default\">\n\t\t\t\t<div class=\"elementor-widget-container\">\n\t\t\t\t\t\t\t\t\t<p>Si eres una persona que tiene ganas de vivir aventuras, tu formato es el <strong>GUIAJE<\/strong>. Gozar de la monta\u00f1a y la roca practicando la actividad que m\u00e1s se adec\u00fae a tus intereses.<\/p><p><strong>Ascensiones a cimas emblem\u00e1ticas <\/strong>por sus rutas normales o por una ruta menos frecuentada donde, por ejemplo, se tenga que trepar o hacer alg\u00fan r\u00e1pel. Si sois amantes de las <strong>crestas<\/strong> os puedo acompa\u00f1ar a recorrer aquella que m\u00e1s os motive, ya sea por un itinerario inici\u00e1tico o bien aquella cresta pirenaica de largo recorrido que tanto os gustar\u00eda escalar. Si escalando <strong>v\u00edas largas de pared<\/strong> es donde os sent\u00eds como pez en el agua, podemos escoger aquella que m\u00e1s se adapte a vuestro nivel o acompa\u00f1aros en aquellas que teng\u00e1is marcadas a la lista de pendientes de escalar. Si la <strong>escalada deportiva<\/strong> os quita el sue\u00f1o juntos podemos conocer nuevos sectores y estilos de escalada. Y juntos tambi\u00e9n podemos compartir <strong>v\u00edas ferratas <\/strong>de cualquier parte del territorio.<\/p><p>\u00bfTienes ganas de vivir la pr\u00f3xima aventura a mi lado?<\/p>\t\t\t\t\t\t\t\t<\/div>\n\t\t\t\t<\/div>\n\t\t\t\t<div class=\"elementor-element elementor-element-502a2c9 elementor-icon-list--layout-traditional elementor-list-item-link-full_width elementor-widget elementor-widget-icon-list\" data-id=\"502a2c9\" data-element_type=\"widget\" data-widget_type=\"icon-list.default\">\n\t\t\t\t<div class=\"elementor-widget-container\">\n\t\t\t\t\t\t\t<ul class=\"elementor-icon-list-items\">\n\t\t\t\t\t\t\t<li class=\"elementor-icon-list-item\">\n\t\t\t\t\t\t\t\t\t\t\t<a href=\"#bateig\">\n\n\t\t\t\t\t\t\t\t\t\t\t\t<span class=\"elementor-icon-list-icon\">\n\t\t\t\t\t\t\t<i aria-hidden=\"true\" class=\"fas fa-check\"><\/i>\t\t\t\t\t\t<\/span>\n\t\t\t\t\t\t\t\t\t\t<span class=\"elementor-icon-list-text\">Pedraforca<\/span>\n\t\t\t\t\t\t\t\t\t\t\t<\/a>\n\t\t\t\t\t\t\t\t\t<\/li>\n\t\t\t\t\t\t\t\t<li class=\"elementor-icon-list-item\">\n\t\t\t\t\t\t\t\t\t\t\t<span class=\"elementor-icon-list-icon\">\n\t\t\t\t\t\t\t<i aria-hidden=\"true\" class=\"fas fa-check\"><\/i>\t\t\t\t\t\t<\/span>\n\t\t\t\t\t\t\t\t\t\t<span class=\"elementor-icon-list-text\">Cad\u00ed<\/span>\n\t\t\t\t\t\t\t\t\t<\/li>\n\t\t\t\t\t\t\t\t<li class=\"elementor-icon-list-item\">\n\t\t\t\t\t\t\t\t\t\t\t<a href=\"#esportiva\">\n\n\t\t\t\t\t\t\t\t\t\t\t\t<span class=\"elementor-icon-list-icon\">\n\t\t\t\t\t\t\t<i aria-hidden=\"true\" class=\"fas fa-check\"><\/i>\t\t\t\t\t\t<\/span>\n\t\t\t\t\t\t\t\t\t\t<span class=\"elementor-icon-list-text\">Ferr\u00fas<\/span>\n\t\t\t\t\t\t\t\t\t\t\t<\/a>\n\t\t\t\t\t\t\t\t\t<\/li>\n\t\t\t\t\t\t\t\t<li class=\"elementor-icon-list-item\">\n\t\t\t\t\t\t\t\t\t\t\t<a href=\"#llarga\">\n\n\t\t\t\t\t\t\t\t\t\t\t\t<span class=\"elementor-icon-list-icon\">\n\t\t\t\t\t\t\t<i aria-hidden=\"true\" class=\"fas fa-check\"><\/i>\t\t\t\t\t\t<\/span>\n\t\t\t\t\t\t\t\t\t\t<span class=\"elementor-icon-list-text\">Alt Urgell<\/span>\n\t\t\t\t\t\t\t\t\t\t\t<\/a>\n\t\t\t\t\t\t\t\t\t<\/li>\n\t\t\t\t\t\t\t\t<li class=\"elementor-icon-list-item\">\n\t\t\t\t\t\t\t\t\t\t\t<a href=\"#autoproteccio\">\n\n\t\t\t\t\t\t\t\t\t\t\t\t<span class=\"elementor-icon-list-icon\">\n\t\t\t\t\t\t\t<i aria-hidden=\"true\" class=\"fas fa-check\"><\/i>\t\t\t\t\t\t<\/span>\n\t\t\t\t\t\t\t\t\t\t<span class=\"elementor-icon-list-text\">Montserrat<\/span>\n\t\t\t\t\t\t\t\t\t\t\t<\/a>\n\t\t\t\t\t\t\t\t\t<\/li>\n\t\t\t\t\t\t\t\t<li class=\"elementor-icon-list-item\">\n\t\t\t\t\t\t\t\t\t\t\t<a href=\"#crestes\">\n\n\t\t\t\t\t\t\t\t\t\t\t\t<span class=\"elementor-icon-list-icon\">\n\t\t\t\t\t\t\t<i aria-hidden=\"true\" class=\"fas fa-check\"><\/i>\t\t\t\t\t\t<\/span>\n\t\t\t\t\t\t\t\t\t\t<span class=\"elementor-icon-list-text\">Montsec<\/span>\n\t\t\t\t\t\t\t\t\t\t\t<\/a>\n\t\t\t\t\t\t\t\t\t<\/li>\n\t\t\t\t\t\t\t\t<li class=\"elementor-icon-list-item\">\n\t\t\t\t\t\t\t\t\t\t\t<a href=\"#crestes\">\n\n\t\t\t\t\t\t\t\t\t\t\t\t<span class=\"elementor-icon-list-icon\">\n\t\t\t\t\t\t\t<i aria-hidden=\"true\" class=\"fas fa-check\"><\/i>\t\t\t\t\t\t<\/span>\n\t\t\t\t\t\t\t\t\t\t<span class=\"elementor-icon-list-text\">Pirineu<\/span>\n\t\t\t\t\t\t\t\t\t\t\t<\/a>\n\t\t\t\t\t\t\t\t\t<\/li>\n\t\t\t\t\t\t\t\t<li class=\"elementor-icon-list-item\">\n\t\t\t\t\t\t\t\t\t\t\t<a href=\"#crestes\">\n\n\t\t\t\t\t\t\t\t\t\t\t\t<span class=\"elementor-icon-list-icon\">\n\t\t\t\t\t\t\t<i aria-hidden=\"true\" class=\"fas fa-check\"><\/i>\t\t\t\t\t\t<\/span>\n\t\t\t\t\t\t\t\t\t\t<span class=\"elementor-icon-list-text\">Y mucho m\u00e1s<\/span>\n\t\t\t\t\t\t\t\t\t\t\t<\/a>\n\t\t\t\t\t\t\t\t\t<\/li>\n\t\t\t\t\t\t<\/ul>\n\t\t\t\t\t\t<\/div>\n\t\t\t\t<\/div>\n\t\t\t\t\t<\/div>\n\t\t<\/div>\n\t\t\t\t\t<\/div>\n\t\t<\/section>\n\t\t\t\t\t<\/div>\n\t\t<\/div>\n\t\t\t\t\t<\/div>\n\t\t<\/section>\n\t\t\t\t<section class=\"elementor-section elementor-top-section elementor-element elementor-element-6932525 elementor-section-boxed elementor-section-height-default elementor-section-height-default\" data-id=\"6932525\" data-element_type=\"section\">\n\t\t\t\t\t\t<div class=\"elementor-container elementor-column-gap-default\">\n\t\t\t\t\t<div class=\"aux-parallax-section elementor-column elementor-col-100 elementor-top-column elementor-element elementor-element-43a9f7e\" data-id=\"43a9f7e\" data-element_type=\"column\">\n\t\t\t<div class=\"elementor-widget-wrap elementor-element-populated\">\n\t\t\t\t\t\t<div class=\"elementor-element elementor-element-decb96d elementor-widget elementor-widget-bdt-advanced-image-gallery\" data-id=\"decb96d\" data-element_type=\"widget\" data-widget_type=\"bdt-advanced-image-gallery.default\">\n\t\t\t\t<div class=\"elementor-widget-container\">\n\t\t\t\t\t\t\t<div id=\"bdt-avdg-decb96d\" class=\"bdt-ep-advanced-image-gallery bdt-ep-advanced-image-gallery-skin-default bdt-grid bdt-grid-small bdt-child-width-1-1 bdt-child-width-1-3@s bdt-child-width-1-4@m\" data-bdt-grid=\"\" data-bdt-lightbox=\"animation: slide;\" data-settings=\"{&quot;id&quot;:&quot;#bdt-avdg-decb96d&quot;,&quot;tiltShow&quot;:false}\">\n\t\t\t\n\t\t\t\t<div class=\"bdt-ep-advanced-image-gallery-item bdt-transition-toggle\">\n\t\t\t\t\t<div class=\"bdt-ep-advanced-image-gallery-inner\">\n\t\t\t\t\t\t<div class=\"bdt-ep-advanced-image-gallery-thumbnail bdt-transition-toggle\"><img fetchpriority=\"high\" decoding=\"async\" width=\"1200\" height=\"901\" src=\"https:\/\/guiadescalada.com\/wp-content\/uploads\/2025\/03\/guia1.jpg\" class=\"jgalleryImage\" alt=\"guia1\" srcset=\"https:\/\/guiadescalada.com\/wp-content\/uploads\/2025\/03\/guia1.jpg 1200w, https:\/\/guiadescalada.com\/wp-content\/uploads\/2025\/03\/guia1-200x150.jpg 200w, https:\/\/guiadescalada.com\/wp-content\/uploads\/2025\/03\/guia1-600x451.jpg 600w\" sizes=\"(max-width: 1200px) 100vw, 1200px\" \/><\/div>\t\t<div class=\"bdt-position-cover bdt-overlay bdt-overlay-default bdt-transition-fade\">\n\t\t\t<div class=\"bdt-ep-advanced-image-gallery-content\">\n\t\t\t\t<div class=\"bdt-ep-advanced-image-gallery-content-inner\">\n\n\t\t\t\t\t\t\t\t\t\t\t\t\t\t\t\t<div class=\"bdt-flex-inline bdt-ep-advanced-image-gallery-item-link-wrapper\">\n\t\t\t\t\t\t\t<a class=\"bdt-ep-advanced-image-gallery-item-link elementor-clickable icon-type-icon \" data-elementor-open-lightbox=\"no\" data-caption=\"\" data-href=\"https:\/\/guiadescalada.com\/wp-content\/uploads\/2025\/03\/guia1.jpg\">\n\t\t\t\t\t\t\t\t\n\t\t\t\t\t\t\t\t\t\t\t\t\t\t\t\t\t\t\t<span>\n\t\t\t\t\t\t\t\t\t\t\t<i class=\"ep-icon-plus-2\"><\/i>\n\t\t\t\t\t\t\t\t\t\t<\/span>\n\t\t\t\t\t\t\t\t\t\n\t\t\t\t\t\t\t\t\t\t\t\t\t\t\t<\/a>\n\t\t\t\t\t\t<\/div>\n\t\t\t\t\t\n\t\t\t\t\t\t\t\t\t<\/div>\n\t\t\t<\/div>\n\t\t<\/div>\n\t\t\t\t\t<\/div>\n\t\t\t\t\t\t\t\t\t<\/div>\n\n\t\t\t\n\t\t\t\t<div class=\"bdt-ep-advanced-image-gallery-item bdt-transition-toggle\">\n\t\t\t\t\t<div class=\"bdt-ep-advanced-image-gallery-inner\">\n\t\t\t\t\t\t<div class=\"bdt-ep-advanced-image-gallery-thumbnail bdt-transition-toggle\"><img decoding=\"async\" width=\"900\" height=\"1200\" src=\"https:\/\/guiadescalada.com\/wp-content\/uploads\/2025\/03\/guia2.jpg\" class=\"jgalleryImage\" alt=\"guia2\" srcset=\"https:\/\/guiadescalada.com\/wp-content\/uploads\/2025\/03\/guia2.jpg 900w, https:\/\/guiadescalada.com\/wp-content\/uploads\/2025\/03\/guia2-200x267.jpg 200w, https:\/\/guiadescalada.com\/wp-content\/uploads\/2025\/03\/guia2-600x800.jpg 600w\" sizes=\"(max-width: 900px) 100vw, 900px\" \/><\/div>\t\t<div class=\"bdt-position-cover bdt-overlay bdt-overlay-default bdt-transition-fade\">\n\t\t\t<div class=\"bdt-ep-advanced-image-gallery-content\">\n\t\t\t\t<div class=\"bdt-ep-advanced-image-gallery-content-inner\">\n\n\t\t\t\t\t\t\t\t\t\t\t\t\t\t\t\t<div class=\"bdt-flex-inline bdt-ep-advanced-image-gallery-item-link-wrapper\">\n\t\t\t\t\t\t\t<a class=\"bdt-ep-advanced-image-gallery-item-link elementor-clickable icon-type-icon \" data-elementor-open-lightbox=\"no\" data-caption=\"\" data-href=\"https:\/\/guiadescalada.com\/wp-content\/uploads\/2025\/03\/guia2.jpg\">\n\t\t\t\t\t\t\t\t\n\t\t\t\t\t\t\t\t\t\t\t\t\t\t\t\t\t\t\t<span>\n\t\t\t\t\t\t\t\t\t\t\t<i class=\"ep-icon-plus-2\"><\/i>\n\t\t\t\t\t\t\t\t\t\t<\/span>\n\t\t\t\t\t\t\t\t\t\n\t\t\t\t\t\t\t\t\t\t\t\t\t\t\t<\/a>\n\t\t\t\t\t\t<\/div>\n\t\t\t\t\t\n\t\t\t\t\t\t\t\t\t<\/div>\n\t\t\t<\/div>\n\t\t<\/div>\n\t\t\t\t\t<\/div>\n\t\t\t\t\t\t\t\t\t<\/div>\n\n\t\t\t\n\t\t\t\t<div class=\"bdt-ep-advanced-image-gallery-item bdt-transition-toggle\">\n\t\t\t\t\t<div class=\"bdt-ep-advanced-image-gallery-inner\">\n\t\t\t\t\t\t<div class=\"bdt-ep-advanced-image-gallery-thumbnail bdt-transition-toggle\"><img decoding=\"async\" width=\"900\" height=\"1200\" src=\"https:\/\/guiadescalada.com\/wp-content\/uploads\/2025\/03\/guia3.jpg\" class=\"jgalleryImage\" alt=\"guia3\" srcset=\"https:\/\/guiadescalada.com\/wp-content\/uploads\/2025\/03\/guia3.jpg 900w, https:\/\/guiadescalada.com\/wp-content\/uploads\/2025\/03\/guia3-200x267.jpg 200w, https:\/\/guiadescalada.com\/wp-content\/uploads\/2025\/03\/guia3-600x800.jpg 600w\" sizes=\"(max-width: 900px) 100vw, 900px\" \/><\/div>\t\t<div class=\"bdt-position-cover bdt-overlay bdt-overlay-default bdt-transition-fade\">\n\t\t\t<div class=\"bdt-ep-advanced-image-gallery-content\">\n\t\t\t\t<div class=\"bdt-ep-advanced-image-gallery-content-inner\">\n\n\t\t\t\t\t\t\t\t\t\t\t\t\t\t\t\t<div class=\"bdt-flex-inline bdt-ep-advanced-image-gallery-item-link-wrapper\">\n\t\t\t\t\t\t\t<a class=\"bdt-ep-advanced-image-gallery-item-link elementor-clickable icon-type-icon \" data-elementor-open-lightbox=\"no\" data-caption=\"\" data-href=\"https:\/\/guiadescalada.com\/wp-content\/uploads\/2025\/03\/guia3.jpg\">\n\t\t\t\t\t\t\t\t\n\t\t\t\t\t\t\t\t\t\t\t\t\t\t\t\t\t\t\t<span>\n\t\t\t\t\t\t\t\t\t\t\t<i class=\"ep-icon-plus-2\"><\/i>\n\t\t\t\t\t\t\t\t\t\t<\/span>\n\t\t\t\t\t\t\t\t\t\n\t\t\t\t\t\t\t\t\t\t\t\t\t\t\t<\/a>\n\t\t\t\t\t\t<\/div>\n\t\t\t\t\t\n\t\t\t\t\t\t\t\t\t<\/div>\n\t\t\t<\/div>\n\t\t<\/div>\n\t\t\t\t\t<\/div>\n\t\t\t\t\t\t\t\t\t<\/div>\n\n\t\t\t\n\t\t\t\t<div class=\"bdt-ep-advanced-image-gallery-item bdt-transition-toggle\">\n\t\t\t\t\t<div class=\"bdt-ep-advanced-image-gallery-inner\">\n\t\t\t\t\t\t<div class=\"bdt-ep-advanced-image-gallery-thumbnail bdt-transition-toggle\"><img loading=\"lazy\" decoding=\"async\" width=\"1200\" height=\"900\" src=\"https:\/\/guiadescalada.com\/wp-content\/uploads\/2025\/03\/guia4.jpg\" class=\"jgalleryImage\" alt=\"guia4\" srcset=\"https:\/\/guiadescalada.com\/wp-content\/uploads\/2025\/03\/guia4.jpg 1200w, https:\/\/guiadescalada.com\/wp-content\/uploads\/2025\/03\/guia4-200x150.jpg 200w, https:\/\/guiadescalada.com\/wp-content\/uploads\/2025\/03\/guia4-600x450.jpg 600w\" sizes=\"(max-width: 1200px) 100vw, 1200px\" \/><\/div>\t\t<div class=\"bdt-position-cover bdt-overlay bdt-overlay-default bdt-transition-fade\">\n\t\t\t<div class=\"bdt-ep-advanced-image-gallery-content\">\n\t\t\t\t<div class=\"bdt-ep-advanced-image-gallery-content-inner\">\n\n\t\t\t\t\t\t\t\t\t\t\t\t\t\t\t\t<div class=\"bdt-flex-inline bdt-ep-advanced-image-gallery-item-link-wrapper\">\n\t\t\t\t\t\t\t<a class=\"bdt-ep-advanced-image-gallery-item-link elementor-clickable icon-type-icon \" data-elementor-open-lightbox=\"no\" data-caption=\"\" data-href=\"https:\/\/guiadescalada.com\/wp-content\/uploads\/2025\/03\/guia4.jpg\">\n\t\t\t\t\t\t\t\t\n\t\t\t\t\t\t\t\t\t\t\t\t\t\t\t\t\t\t\t<span>\n\t\t\t\t\t\t\t\t\t\t\t<i class=\"ep-icon-plus-2\"><\/i>\n\t\t\t\t\t\t\t\t\t\t<\/span>\n\t\t\t\t\t\t\t\t\t\n\t\t\t\t\t\t\t\t\t\t\t\t\t\t\t<\/a>\n\t\t\t\t\t\t<\/div>\n\t\t\t\t\t\n\t\t\t\t\t\t\t\t\t<\/div>\n\t\t\t<\/div>\n\t\t<\/div>\n\t\t\t\t\t<\/div>\n\t\t\t\t\t\t\t\t\t<\/div>\n\n\t\t\t\t\t<\/div>\n\t\t\t\t\t<\/div>\n\t\t\t\t<\/div>\n\t\t\t\t\t<\/div>\n\t\t<\/div>\n\t\t\t\t\t<\/div>\n\t\t<\/section>\n\t\t\t\t<\/div>\n\t\t","protected":false},"excerpt":{"rendered":"<p>Guiaje Si eres una persona que tiene ganas de vivir aventuras, tu formato es el GUIAJE. Gozar de la monta\u00f1a y la roca practicando la actividad que m\u00e1s se adec\u00fae a tus intereses. Ascensiones a cimas emblem\u00e1ticas por sus rutas normales o por una ruta menos frecuentada donde, por ejemplo, se tenga que trepar o [&hellip;]<\/p>\n","protected":false},"author":1,"featured_media":0,"parent":0,"menu_order":0,"comment_status":"closed","ping_status":"closed","template":"","meta":{"footnotes":""},"class_list":["post-1700","page","type-page","status-publish","hentry"],"yoast_head":"<!-- This site is optimized with the Yoast SEO plugin v27.2 - https:\/\/yoast.com\/product\/yoast-seo-wordpress\/ -->\n<title>Guiaje - Octavi - Guia d&#039;escalada<\/title>\n<meta name=\"robots\" content=\"index, follow, max-snippet:-1, max-image-preview:large, max-video-preview:-1\" \/>\n<link rel=\"canonical\" href=\"https:\/\/guiadescalada.com\/es\/guiatge\/\" \/>\n<meta property=\"og:locale\" content=\"es_ES\" \/>\n<meta property=\"og:type\" content=\"article\" \/>\n<meta property=\"og:title\" content=\"Guiaje - Octavi - Guia d&#039;escalada\" \/>\n<meta property=\"og:description\" content=\"Guiaje Si eres una persona que tiene ganas de vivir aventuras, tu formato es el GUIAJE. Gozar de la monta\u00f1a y la roca practicando la actividad que m\u00e1s se adec\u00fae a tus intereses. Ascensiones a cimas emblem\u00e1ticas por sus rutas normales o por una ruta menos frecuentada donde, por ejemplo, se tenga que trepar o [&hellip;]\" \/>\n<meta property=\"og:url\" content=\"https:\/\/guiadescalada.com\/es\/guiatge\/\" \/>\n<meta property=\"og:site_name\" content=\"Octavi - Guia d&#039;escalada\" \/>\n<meta property=\"article:modified_time\" content=\"2025-09-15T11:47:51+00:00\" \/>\n<meta property=\"og:image\" content=\"https:\/\/guiadescalada.com\/wp-content\/uploads\/2025\/03\/guia1.jpg\" \/>\n<meta name=\"twitter:card\" content=\"summary_large_image\" \/>\n<meta name=\"twitter:label1\" content=\"Tiempo de lectura\" \/>\n\t<meta name=\"twitter:data1\" content=\"1 minuto\" \/>\n<script type=\"application\/ld+json\" class=\"yoast-schema-graph\">{\"@context\":\"https:\/\/schema.org\",\"@graph\":[{\"@type\":\"WebPage\",\"@id\":\"https:\/\/guiadescalada.com\/es\/guiatge\/\",\"url\":\"https:\/\/guiadescalada.com\/es\/guiatge\/\",\"name\":\"Guiaje - Octavi - Guia d&#039;escalada\",\"isPartOf\":{\"@id\":\"https:\/\/guiadescalada.com\/es\/#website\"},\"primaryImageOfPage\":{\"@id\":\"https:\/\/guiadescalada.com\/es\/guiatge\/#primaryimage\"},\"image\":{\"@id\":\"https:\/\/guiadescalada.com\/es\/guiatge\/#primaryimage\"},\"thumbnailUrl\":\"https:\/\/guiadescalada.com\/wp-content\/uploads\/2025\/03\/guia1.jpg\",\"datePublished\":\"2025-02-28T10:51:47+00:00\",\"dateModified\":\"2025-09-15T11:47:51+00:00\",\"breadcrumb\":{\"@id\":\"https:\/\/guiadescalada.com\/es\/guiatge\/#breadcrumb\"},\"inLanguage\":\"es\",\"potentialAction\":[{\"@type\":\"ReadAction\",\"target\":[\"https:\/\/guiadescalada.com\/es\/guiatge\/\"]}]},{\"@type\":\"ImageObject\",\"inLanguage\":\"es\",\"@id\":\"https:\/\/guiadescalada.com\/es\/guiatge\/#primaryimage\",\"url\":\"https:\/\/guiadescalada.com\/wp-content\/uploads\/2025\/03\/guia1.jpg\",\"contentUrl\":\"https:\/\/guiadescalada.com\/wp-content\/uploads\/2025\/03\/guia1.jpg\"},{\"@type\":\"BreadcrumbList\",\"@id\":\"https:\/\/guiadescalada.com\/es\/guiatge\/#breadcrumb\",\"itemListElement\":[{\"@type\":\"ListItem\",\"position\":1,\"name\":\"Inici\",\"item\":\"https:\/\/guiadescalada.com\/es\/\"},{\"@type\":\"ListItem\",\"position\":2,\"name\":\"Guiaje\"}]},{\"@type\":\"WebSite\",\"@id\":\"https:\/\/guiadescalada.com\/es\/#website\",\"url\":\"https:\/\/guiadescalada.com\/es\/\",\"name\":\"Octavi - Guia d'Escalada\",\"description\":\"Octavi - Guia d&#039;Escalada\",\"publisher\":{\"@id\":\"https:\/\/guiadescalada.com\/es\/#organization\"},\"alternateName\":\"Octavi - Guia d'Escalada\",\"potentialAction\":[{\"@type\":\"SearchAction\",\"target\":{\"@type\":\"EntryPoint\",\"urlTemplate\":\"https:\/\/guiadescalada.com\/es\/?s={search_term_string}\"},\"query-input\":{\"@type\":\"PropertyValueSpecification\",\"valueRequired\":true,\"valueName\":\"search_term_string\"}}],\"inLanguage\":\"es\"},{\"@type\":\"Organization\",\"@id\":\"https:\/\/guiadescalada.com\/es\/#organization\",\"name\":\"Octavi - Guia d'Escalada\",\"alternateName\":\"Octavi - Guia d'Escalada\",\"url\":\"https:\/\/guiadescalada.com\/es\/\",\"logo\":{\"@type\":\"ImageObject\",\"inLanguage\":\"es\",\"@id\":\"https:\/\/guiadescalada.com\/es\/#\/schema\/logo\/image\/\",\"url\":\"https:\/\/guiadescalada.com\/wp-content\/uploads\/2025\/11\/Nou-logo.svg\",\"contentUrl\":\"https:\/\/guiadescalada.com\/wp-content\/uploads\/2025\/11\/Nou-logo.svg\",\"caption\":\"Octavi - Guia d'Escalada\"},\"image\":{\"@id\":\"https:\/\/guiadescalada.com\/es\/#\/schema\/logo\/image\/\"},\"sameAs\":[\"https:\/\/www.instagram.com\/octavi.guiadescalada\/\"]}]}<\/script>\n<!-- \/ Yoast SEO plugin. -->","yoast_head_json":{"title":"Guiaje - Octavi - Guia d&#039;escalada","robots":{"index":"index","follow":"follow","max-snippet":"max-snippet:-1","max-image-preview":"max-image-preview:large","max-video-preview":"max-video-preview:-1"},"canonical":"https:\/\/guiadescalada.com\/es\/guiatge\/","og_locale":"es_ES","og_type":"article","og_title":"Guiaje - Octavi - Guia d&#039;escalada","og_description":"Guiaje Si eres una persona que tiene ganas de vivir aventuras, tu formato es el GUIAJE. Gozar de la monta\u00f1a y la roca practicando la actividad que m\u00e1s se adec\u00fae a tus intereses. Ascensiones a cimas emblem\u00e1ticas por sus rutas normales o por una ruta menos frecuentada donde, por ejemplo, se tenga que trepar o [&hellip;]","og_url":"https:\/\/guiadescalada.com\/es\/guiatge\/","og_site_name":"Octavi - Guia d&#039;escalada","article_modified_time":"2025-09-15T11:47:51+00:00","og_image":[{"url":"https:\/\/guiadescalada.com\/wp-content\/uploads\/2025\/03\/guia1.jpg","type":"","width":"","height":""}],"twitter_card":"summary_large_image","twitter_misc":{"Tiempo de lectura":"1 minuto"},"schema":{"@context":"https:\/\/schema.org","@graph":[{"@type":"WebPage","@id":"https:\/\/guiadescalada.com\/es\/guiatge\/","url":"https:\/\/guiadescalada.com\/es\/guiatge\/","name":"Guiaje - Octavi - Guia d&#039;escalada","isPartOf":{"@id":"https:\/\/guiadescalada.com\/es\/#website"},"primaryImageOfPage":{"@id":"https:\/\/guiadescalada.com\/es\/guiatge\/#primaryimage"},"image":{"@id":"https:\/\/guiadescalada.com\/es\/guiatge\/#primaryimage"},"thumbnailUrl":"https:\/\/guiadescalada.com\/wp-content\/uploads\/2025\/03\/guia1.jpg","datePublished":"2025-02-28T10:51:47+00:00","dateModified":"2025-09-15T11:47:51+00:00","breadcrumb":{"@id":"https:\/\/guiadescalada.com\/es\/guiatge\/#breadcrumb"},"inLanguage":"es","potentialAction":[{"@type":"ReadAction","target":["https:\/\/guiadescalada.com\/es\/guiatge\/"]}]},{"@type":"ImageObject","inLanguage":"es","@id":"https:\/\/guiadescalada.com\/es\/guiatge\/#primaryimage","url":"https:\/\/guiadescalada.com\/wp-content\/uploads\/2025\/03\/guia1.jpg","contentUrl":"https:\/\/guiadescalada.com\/wp-content\/uploads\/2025\/03\/guia1.jpg"},{"@type":"BreadcrumbList","@id":"https:\/\/guiadescalada.com\/es\/guiatge\/#breadcrumb","itemListElement":[{"@type":"ListItem","position":1,"name":"Inici","item":"https:\/\/guiadescalada.com\/es\/"},{"@type":"ListItem","position":2,"name":"Guiaje"}]},{"@type":"WebSite","@id":"https:\/\/guiadescalada.com\/es\/#website","url":"https:\/\/guiadescalada.com\/es\/","name":"Octavi - Guia d'Escalada","description":"Octavi - Guia d&#039;Escalada","publisher":{"@id":"https:\/\/guiadescalada.com\/es\/#organization"},"alternateName":"Octavi - Guia d'Escalada","potentialAction":[{"@type":"SearchAction","target":{"@type":"EntryPoint","urlTemplate":"https:\/\/guiadescalada.com\/es\/?s={search_term_string}"},"query-input":{"@type":"PropertyValueSpecification","valueRequired":true,"valueName":"search_term_string"}}],"inLanguage":"es"},{"@type":"Organization","@id":"https:\/\/guiadescalada.com\/es\/#organization","name":"Octavi - Guia d'Escalada","alternateName":"Octavi - Guia d'Escalada","url":"https:\/\/guiadescalada.com\/es\/","logo":{"@type":"ImageObject","inLanguage":"es","@id":"https:\/\/guiadescalada.com\/es\/#\/schema\/logo\/image\/","url":"https:\/\/guiadescalada.com\/wp-content\/uploads\/2025\/11\/Nou-logo.svg","contentUrl":"https:\/\/guiadescalada.com\/wp-content\/uploads\/2025\/11\/Nou-logo.svg","caption":"Octavi - Guia d'Escalada"},"image":{"@id":"https:\/\/guiadescalada.com\/es\/#\/schema\/logo\/image\/"},"sameAs":["https:\/\/www.instagram.com\/octavi.guiadescalada\/"]}]}},"_links":{"self":[{"href":"https:\/\/guiadescalada.com\/es\/wp-json\/wp\/v2\/pages\/1700","targetHints":{"allow":["GET"]}}],"collection":[{"href":"https:\/\/guiadescalada.com\/es\/wp-json\/wp\/v2\/pages"}],"about":[{"href":"https:\/\/guiadescalada.com\/es\/wp-json\/wp\/v2\/types\/page"}],"author":[{"embeddable":true,"href":"https:\/\/guiadescalada.com\/es\/wp-json\/wp\/v2\/users\/1"}],"replies":[{"embeddable":true,"href":"https:\/\/guiadescalada.com\/es\/wp-json\/wp\/v2\/comments?post=1700"}],"version-history":[{"count":16,"href":"https:\/\/guiadescalada.com\/es\/wp-json\/wp\/v2\/pages\/1700\/revisions"}],"predecessor-version":[{"id":1940,"href":"https:\/\/guiadescalada.com\/es\/wp-json\/wp\/v2\/pages\/1700\/revisions\/1940"}],"wp:attachment":[{"href":"https:\/\/guiadescalada.com\/es\/wp-json\/wp\/v2\/media?parent=1700"}],"curies":[{"name":"wp","href":"https:\/\/api.w.org\/{rel}","templated":true}]}}