{"id":1711,"date":"2019-09-07T11:59:55","date_gmt":"2019-09-07T09:59:55","guid":{"rendered":"https:\/\/guiadescalada.com\/qui-soc\/"},"modified":"2025-09-15T13:13:32","modified_gmt":"2025-09-15T11:13:32","slug":"qui-soc","status":"publish","type":"page","link":"https:\/\/guiadescalada.com\/es\/qui-soc\/","title":{"rendered":"Qui\u00e9n soy"},"content":{"rendered":"\t\t<div data-elementor-type=\"wp-page\" data-elementor-id=\"1711\" class=\"elementor elementor-1711 elementor-86\" data-elementor-post-type=\"page\">\n\t\t\t\t\t\t<section class=\"elementor-section elementor-top-section elementor-element elementor-element-3b10746f elementor-section-boxed elementor-section-height-default elementor-section-height-default\" data-id=\"3b10746f\" data-element_type=\"section\">\n\t\t\t\t\t\t<div class=\"elementor-container elementor-column-gap-default\">\n\t\t\t\t\t<div class=\"aux-parallax-section elementor-column elementor-col-100 elementor-top-column elementor-element elementor-element-1b7396b\" data-id=\"1b7396b\" data-element_type=\"column\">\n\t\t\t<div class=\"elementor-widget-wrap elementor-element-populated\">\n\t\t\t\t\t\t<section class=\"elementor-section elementor-inner-section elementor-element elementor-element-1d90c641 elementor-section-boxed elementor-section-height-default elementor-section-height-default\" data-id=\"1d90c641\" data-element_type=\"section\">\n\t\t\t\t\t\t<div class=\"elementor-container elementor-column-gap-default\">\n\t\t\t\t\t<div class=\"aux-parallax-section elementor-column elementor-col-50 elementor-inner-column elementor-element elementor-element-52f8e39f\" data-id=\"52f8e39f\" data-element_type=\"column\" data-settings=\"{&quot;background_background&quot;:&quot;classic&quot;}\">\n\t\t\t<div class=\"elementor-widget-wrap elementor-element-populated\">\n\t\t\t\t\t\t<div class=\"elementor-element elementor-element-d3f1b18 elementor-widget elementor-widget-image\" data-id=\"d3f1b18\" data-element_type=\"widget\" data-widget_type=\"image.default\">\n\t\t\t\t<div class=\"elementor-widget-container\">\n\t\t\t\t\t\t\t\t\t\t\t\t\t\t\t<img fetchpriority=\"high\" decoding=\"async\" width=\"1024\" height=\"1024\" src=\"https:\/\/guiadescalada.com\/wp-content\/uploads\/2025\/03\/quisoc2-1024x1024.jpg\" class=\"attachment-large size-large wp-image-1600\" alt=\"\" srcset=\"https:\/\/guiadescalada.com\/wp-content\/uploads\/2025\/03\/quisoc2-1024x1024.jpg 1024w, https:\/\/guiadescalada.com\/wp-content\/uploads\/2025\/03\/quisoc2-300x300.jpg 300w, https:\/\/guiadescalada.com\/wp-content\/uploads\/2025\/03\/quisoc2-150x150.jpg 150w, https:\/\/guiadescalada.com\/wp-content\/uploads\/2025\/03\/quisoc2-768x768.jpg 768w, https:\/\/guiadescalada.com\/wp-content\/uploads\/2025\/03\/quisoc2-100x100.jpg 100w\" sizes=\"(max-width: 1024px) 100vw, 1024px\" \/>\t\t\t\t\t\t\t\t\t\t\t\t\t\t\t<\/div>\n\t\t\t\t<\/div>\n\t\t\t\t\t<\/div>\n\t\t<\/div>\n\t\t\t\t<div class=\"aux-parallax-section elementor-column elementor-col-50 elementor-inner-column elementor-element elementor-element-924e48e\" data-id=\"924e48e\" data-element_type=\"column\" data-settings=\"{&quot;background_background&quot;:&quot;classic&quot;}\">\n\t\t\t<div class=\"elementor-widget-wrap elementor-element-populated\">\n\t\t\t\t\t\t<div class=\"elementor-element elementor-element-931cf17 aux-appear-watch-animation aux-fade-in-up elementor-hidden-mobile elementor-widget elementor-widget-aux_modern_heading\" data-id=\"931cf17\" data-element_type=\"widget\" data-widget_type=\"aux_modern_heading.default\">\n\t\t\t\t<div class=\"elementor-widget-container\">\n\t\t\t\t\t<section class=\"aux-widget-modern-heading\">\n            <div class=\"aux-widget-inner\"><h4 class=\"aux-modern-heading-primary\"><strong>Octavi<\/strong> Guia de escalada<\/h4><h3 class=\"aux-modern-heading-secondary\"><span class=\"aux-head-before\">Me presento<\/span><\/h3><\/div>\n        <\/section>\t\t\t\t<\/div>\n\t\t\t\t<\/div>\n\t\t\t\t<div class=\"elementor-element elementor-element-4c11ef9 aux-appear-watch-animation aux-fade-in-up elementor-hidden-desktop elementor-hidden-tablet elementor-widget elementor-widget-aux_modern_heading\" data-id=\"4c11ef9\" data-element_type=\"widget\" data-widget_type=\"aux_modern_heading.default\">\n\t\t\t\t<div class=\"elementor-widget-container\">\n\t\t\t\t\t<section class=\"aux-widget-modern-heading\">\n            <div class=\"aux-widget-inner\"><h4 class=\"aux-modern-heading-primary\"><strong>Octavi<\/strong> Guia de escalada<\/h4><\/div>\n        <\/section>\t\t\t\t<\/div>\n\t\t\t\t<\/div>\n\t\t\t\t<div class=\"elementor-element elementor-element-21bd4d2 elementor-hidden-desktop elementor-hidden-tablet elementor-widget elementor-widget-text-editor\" data-id=\"21bd4d2\" data-element_type=\"widget\" data-widget_type=\"text-editor.default\">\n\t\t\t\t<div class=\"elementor-widget-container\">\n\t\t\t\t\t\t\t\t\t<p>Me presento<\/p>\t\t\t\t\t\t\t\t<\/div>\n\t\t\t\t<\/div>\n\t\t\t\t<div class=\"elementor-element elementor-element-268de52 elementor-widget elementor-widget-text-editor\" data-id=\"268de52\" data-element_type=\"widget\" data-widget_type=\"text-editor.default\">\n\t\t\t\t<div class=\"elementor-widget-container\">\n\t\t\t\t\t\t\t\t\t<p>Me llamo Octavi Puntas Garcia, gu\u00eda de escalada titulado en la escuela vasca Kirolene. Nac\u00ed el 25 de marzo de 1993 en la comarca del Bergued\u00e0, Catalunya.<\/p><p>Cuento con m\u00e1s de una d\u00e9cada de experiencia en el mundo de la escalada repitiendo v\u00edas en lugares m\u00e1s cercanos como Pirineos o Alpes, o m\u00e1s lejanos como Marruecos, Noruega o Bolivia, y de manera ininterrumpida escalando en una gran cantidad de paredes de mi tierra natal, Catalunya.<\/p><p>El af\u00e1n por escalar nuevos itinerarios me ha permitido abrir m\u00e1s de una decena de v\u00edas en paredes catalanas, como por ejemplo en el emblem\u00e1tico Pedraforca, y gozar de dos primeras ascensiones a dos cimas de 5.000 metros en la <em>Cordillera real<\/em> (Bolivia).<br \/><br \/>Este bagaje me ha enriquecido personal y t\u00e9cnicamente queriendo convertir la escalada en mi profesi\u00f3n, pudiendo compartir la escalada con aquellas personas que lo deseen, ya sea des de niveles inici\u00e1ticos a trav\u00e9s de cursos e itinerarios a medida de quienes empiezan, o a niveles avanzados donde la envergadura de la actividad llega a la que cada persona pueda so\u00f1ar.<\/p>\t\t\t\t\t\t\t\t<\/div>\n\t\t\t\t<\/div>\n\t\t\t\t\t<\/div>\n\t\t<\/div>\n\t\t\t\t\t<\/div>\n\t\t<\/section>\n\t\t\t\t\t<\/div>\n\t\t<\/div>\n\t\t\t\t\t<\/div>\n\t\t<\/section>\n\t\t\t\t<section class=\"elementor-section elementor-top-section elementor-element elementor-element-3c33555 elementor-section-boxed elementor-section-height-default elementor-section-height-default\" data-id=\"3c33555\" data-element_type=\"section\">\n\t\t\t\t\t\t<div class=\"elementor-container elementor-column-gap-default\">\n\t\t\t\t\t<div class=\"aux-parallax-section elementor-column elementor-col-100 elementor-top-column elementor-element elementor-element-4d07e90\" data-id=\"4d07e90\" data-element_type=\"column\">\n\t\t\t<div class=\"elementor-widget-wrap elementor-element-populated\">\n\t\t\t\t\t\t<section class=\"elementor-section elementor-inner-section elementor-element elementor-element-5758524 elementor-reverse-mobile elementor-section-boxed elementor-section-height-default elementor-section-height-default\" data-id=\"5758524\" data-element_type=\"section\">\n\t\t\t\t\t\t<div class=\"elementor-container elementor-column-gap-default\">\n\t\t\t\t\t<div class=\"aux-parallax-section elementor-column elementor-col-50 elementor-inner-column elementor-element elementor-element-7a9e6d0\" data-id=\"7a9e6d0\" data-element_type=\"column\" data-settings=\"{&quot;background_background&quot;:&quot;classic&quot;}\">\n\t\t\t<div class=\"elementor-widget-wrap elementor-element-populated\">\n\t\t\t\t\t\t<div class=\"elementor-element elementor-element-22fd019 elementor-widget elementor-widget-text-editor\" data-id=\"22fd019\" data-element_type=\"widget\" data-widget_type=\"text-editor.default\">\n\t\t\t\t<div class=\"elementor-widget-container\">\n\t\t\t\t\t\t\t\t\t<p><strong>Ascensiones a cimas emblem\u00e1ticas <\/strong>por sus rutas normales o por una ruta menos frecuentada donde, por ejemplo, se tenga que trepar o hacer alg\u00fan r\u00e1pel. Si sois amantes de las <strong>crestas<\/strong> os puedo acompa\u00f1ar a recorrer aquella que m\u00e1s os motive, ya sea por un itinerario inici\u00e1tico o bien aquella cresta pirenaica de largo recorrido que tanto os gustar\u00eda escalar. Si escalando <strong>v\u00edas largas de pared<\/strong> es donde os sent\u00eds como pez en el agua, podemos escoger aquella que m\u00e1s se adapte a vuestro nivel o acompa\u00f1aros en aquellas que teng\u00e1is marcadas a la lista de pendientes de escalar. Si la <strong>escalada deportiva<\/strong> os quita el sue\u00f1o juntos podemos conocer nuevos sectores y estilos de escalada. Y juntos tambi\u00e9n podemos compartir <strong>v\u00edas ferratas <\/strong>de cualquier parte del territorio.<\/p><p><strong>Cursos <\/strong>variados o a medida de cada persona, como pueden ser cursos de iniciaci\u00f3n a la escalada deportiva, a la v\u00eda larga equipada, de v\u00edas largas de autoprotecci\u00f3n, de progresi\u00f3n por crestas, etc., gozando siempre del aprendizaje compartido.<\/p><p>Si con un d\u00eda no ten\u00e9is suficiente el formato de <strong>periplo <\/strong>es perfecto. Guiajes de todo tipo escalando v\u00edas largas, visitando sectores de deportiva, recorriendo crestas\u2026 y\/o combinando las disciplinas que m\u00e1s te gusten para hacer a medida tu aventura.<\/p><p>El arte de <strong>GUIAR <\/strong>es la esencia de un gu\u00eda. A trav\u00e9s de crestas, paredes y monta\u00f1as me gustar\u00eda <strong>compartir <\/strong>la experiencia de poder llegar a hacer realidad aquellas actividades y sue\u00f1os que tanto dese\u00e1is.<\/p><p><strong>\u00a1Vamos!<br \/><\/strong><strong>\u00bfESCALAMOS?<\/strong><\/p>\t\t\t\t\t\t\t\t<\/div>\n\t\t\t\t<\/div>\n\t\t\t\t\t<\/div>\n\t\t<\/div>\n\t\t\t\t<div class=\"aux-parallax-section elementor-column elementor-col-50 elementor-inner-column elementor-element elementor-element-2d81266\" data-id=\"2d81266\" data-element_type=\"column\" data-settings=\"{&quot;background_background&quot;:&quot;classic&quot;}\">\n\t\t\t<div class=\"elementor-widget-wrap elementor-element-populated\">\n\t\t\t\t\t\t<div class=\"elementor-element elementor-element-c259481 elementor-widget elementor-widget-image\" data-id=\"c259481\" data-element_type=\"widget\" data-widget_type=\"image.default\">\n\t\t\t\t<div class=\"elementor-widget-container\">\n\t\t\t\t\t\t\t\t\t\t\t\t\t\t\t<img decoding=\"async\" width=\"1000\" height=\"1024\" src=\"https:\/\/guiadescalada.com\/wp-content\/uploads\/2025\/03\/quisoc1-1000x1024.jpg\" class=\"attachment-large size-large wp-image-1598\" alt=\"\" \/>\t\t\t\t\t\t\t\t\t\t\t\t\t\t\t<\/div>\n\t\t\t\t<\/div>\n\t\t\t\t\t<\/div>\n\t\t<\/div>\n\t\t\t\t\t<\/div>\n\t\t<\/section>\n\t\t\t\t\t<\/div>\n\t\t<\/div>\n\t\t\t\t\t<\/div>\n\t\t<\/section>\n\t\t\t\t<\/div>\n\t\t","protected":false},"excerpt":{"rendered":"<p>Octavi Guia de escalada Me presento Octavi Guia de escalada Me presento Me llamo Octavi Puntas Garcia, gu\u00eda de escalada titulado en la escuela vasca Kirolene. Nac\u00ed el 25 de marzo de 1993 en la comarca del Bergued\u00e0, Catalunya. Cuento con m\u00e1s de una d\u00e9cada de experiencia en el mundo de la escalada repitiendo v\u00edas [&hellip;]<\/p>\n","protected":false},"author":1,"featured_media":0,"parent":0,"menu_order":0,"comment_status":"closed","ping_status":"closed","template":"","meta":{"footnotes":""},"class_list":["post-1711","page","type-page","status-publish","hentry"],"yoast_head":"<!-- This site is optimized with the Yoast SEO plugin v27.2 - https:\/\/yoast.com\/product\/yoast-seo-wordpress\/ -->\n<title>Qui\u00e9n soy - Octavi - Guia d&#039;escalada<\/title>\n<meta name=\"robots\" content=\"index, follow, max-snippet:-1, max-image-preview:large, max-video-preview:-1\" \/>\n<link rel=\"canonical\" href=\"https:\/\/guiadescalada.com\/es\/qui-soc\/\" \/>\n<meta property=\"og:locale\" content=\"es_ES\" \/>\n<meta property=\"og:type\" content=\"article\" \/>\n<meta property=\"og:title\" content=\"Qui\u00e9n soy - Octavi - Guia d&#039;escalada\" \/>\n<meta property=\"og:description\" content=\"Octavi Guia de escalada Me presento Octavi Guia de escalada Me presento Me llamo Octavi Puntas Garcia, gu\u00eda de escalada titulado en la escuela vasca Kirolene. Nac\u00ed el 25 de marzo de 1993 en la comarca del Bergued\u00e0, Catalunya. Cuento con m\u00e1s de una d\u00e9cada de experiencia en el mundo de la escalada repitiendo v\u00edas [&hellip;]\" \/>\n<meta property=\"og:url\" content=\"https:\/\/guiadescalada.com\/es\/qui-soc\/\" \/>\n<meta property=\"og:site_name\" content=\"Octavi - Guia d&#039;escalada\" \/>\n<meta property=\"article:modified_time\" content=\"2025-09-15T11:13:32+00:00\" \/>\n<meta property=\"og:image\" content=\"https:\/\/guiadescalada.com\/wp-content\/uploads\/2025\/03\/quisoc2.jpg\" \/>\n\t<meta property=\"og:image:width\" content=\"1179\" \/>\n\t<meta property=\"og:image:height\" content=\"1318\" \/>\n\t<meta property=\"og:image:type\" content=\"image\/jpeg\" \/>\n<meta name=\"twitter:card\" content=\"summary_large_image\" \/>\n<meta name=\"twitter:label1\" content=\"Tiempo de lectura\" \/>\n\t<meta name=\"twitter:data1\" content=\"2 minutos\" \/>\n<script type=\"application\/ld+json\" class=\"yoast-schema-graph\">{\"@context\":\"https:\/\/schema.org\",\"@graph\":[{\"@type\":\"WebPage\",\"@id\":\"https:\/\/guiadescalada.com\/es\/qui-soc\/\",\"url\":\"https:\/\/guiadescalada.com\/es\/qui-soc\/\",\"name\":\"Qui\u00e9n soy - Octavi - Guia d&#039;escalada\",\"isPartOf\":{\"@id\":\"https:\/\/guiadescalada.com\/es\/#website\"},\"primaryImageOfPage\":{\"@id\":\"https:\/\/guiadescalada.com\/es\/qui-soc\/#primaryimage\"},\"image\":{\"@id\":\"https:\/\/guiadescalada.com\/es\/qui-soc\/#primaryimage\"},\"thumbnailUrl\":\"https:\/\/guiadescalada.com\/wp-content\/uploads\/2025\/03\/quisoc2-1024x1024.jpg\",\"datePublished\":\"2019-09-07T09:59:55+00:00\",\"dateModified\":\"2025-09-15T11:13:32+00:00\",\"breadcrumb\":{\"@id\":\"https:\/\/guiadescalada.com\/es\/qui-soc\/#breadcrumb\"},\"inLanguage\":\"es\",\"potentialAction\":[{\"@type\":\"ReadAction\",\"target\":[\"https:\/\/guiadescalada.com\/es\/qui-soc\/\"]}]},{\"@type\":\"ImageObject\",\"inLanguage\":\"es\",\"@id\":\"https:\/\/guiadescalada.com\/es\/qui-soc\/#primaryimage\",\"url\":\"https:\/\/guiadescalada.com\/wp-content\/uploads\/2025\/03\/quisoc2-1024x1024.jpg\",\"contentUrl\":\"https:\/\/guiadescalada.com\/wp-content\/uploads\/2025\/03\/quisoc2-1024x1024.jpg\"},{\"@type\":\"BreadcrumbList\",\"@id\":\"https:\/\/guiadescalada.com\/es\/qui-soc\/#breadcrumb\",\"itemListElement\":[{\"@type\":\"ListItem\",\"position\":1,\"name\":\"Inici\",\"item\":\"https:\/\/guiadescalada.com\/es\/\"},{\"@type\":\"ListItem\",\"position\":2,\"name\":\"Qui\u00e9n soy\"}]},{\"@type\":\"WebSite\",\"@id\":\"https:\/\/guiadescalada.com\/es\/#website\",\"url\":\"https:\/\/guiadescalada.com\/es\/\",\"name\":\"Octavi - Guia d'Escalada\",\"description\":\"Octavi - Guia d&#039;Escalada\",\"publisher\":{\"@id\":\"https:\/\/guiadescalada.com\/es\/#organization\"},\"alternateName\":\"Octavi - Guia d'Escalada\",\"potentialAction\":[{\"@type\":\"SearchAction\",\"target\":{\"@type\":\"EntryPoint\",\"urlTemplate\":\"https:\/\/guiadescalada.com\/es\/?s={search_term_string}\"},\"query-input\":{\"@type\":\"PropertyValueSpecification\",\"valueRequired\":true,\"valueName\":\"search_term_string\"}}],\"inLanguage\":\"es\"},{\"@type\":\"Organization\",\"@id\":\"https:\/\/guiadescalada.com\/es\/#organization\",\"name\":\"Octavi - Guia d'Escalada\",\"alternateName\":\"Octavi - Guia d'Escalada\",\"url\":\"https:\/\/guiadescalada.com\/es\/\",\"logo\":{\"@type\":\"ImageObject\",\"inLanguage\":\"es\",\"@id\":\"https:\/\/guiadescalada.com\/es\/#\/schema\/logo\/image\/\",\"url\":\"https:\/\/guiadescalada.com\/wp-content\/uploads\/2025\/11\/Nou-logo.svg\",\"contentUrl\":\"https:\/\/guiadescalada.com\/wp-content\/uploads\/2025\/11\/Nou-logo.svg\",\"caption\":\"Octavi - Guia d'Escalada\"},\"image\":{\"@id\":\"https:\/\/guiadescalada.com\/es\/#\/schema\/logo\/image\/\"},\"sameAs\":[\"https:\/\/www.instagram.com\/octavi.guiadescalada\/\"]}]}<\/script>\n<!-- \/ Yoast SEO plugin. -->","yoast_head_json":{"title":"Qui\u00e9n soy - Octavi - Guia d&#039;escalada","robots":{"index":"index","follow":"follow","max-snippet":"max-snippet:-1","max-image-preview":"max-image-preview:large","max-video-preview":"max-video-preview:-1"},"canonical":"https:\/\/guiadescalada.com\/es\/qui-soc\/","og_locale":"es_ES","og_type":"article","og_title":"Qui\u00e9n soy - Octavi - Guia d&#039;escalada","og_description":"Octavi Guia de escalada Me presento Octavi Guia de escalada Me presento Me llamo Octavi Puntas Garcia, gu\u00eda de escalada titulado en la escuela vasca Kirolene. Nac\u00ed el 25 de marzo de 1993 en la comarca del Bergued\u00e0, Catalunya. Cuento con m\u00e1s de una d\u00e9cada de experiencia en el mundo de la escalada repitiendo v\u00edas [&hellip;]","og_url":"https:\/\/guiadescalada.com\/es\/qui-soc\/","og_site_name":"Octavi - Guia d&#039;escalada","article_modified_time":"2025-09-15T11:13:32+00:00","og_image":[{"width":1179,"height":1318,"url":"https:\/\/guiadescalada.com\/wp-content\/uploads\/2025\/03\/quisoc2.jpg","type":"image\/jpeg"}],"twitter_card":"summary_large_image","twitter_misc":{"Tiempo de lectura":"2 minutos"},"schema":{"@context":"https:\/\/schema.org","@graph":[{"@type":"WebPage","@id":"https:\/\/guiadescalada.com\/es\/qui-soc\/","url":"https:\/\/guiadescalada.com\/es\/qui-soc\/","name":"Qui\u00e9n soy - Octavi - Guia d&#039;escalada","isPartOf":{"@id":"https:\/\/guiadescalada.com\/es\/#website"},"primaryImageOfPage":{"@id":"https:\/\/guiadescalada.com\/es\/qui-soc\/#primaryimage"},"image":{"@id":"https:\/\/guiadescalada.com\/es\/qui-soc\/#primaryimage"},"thumbnailUrl":"https:\/\/guiadescalada.com\/wp-content\/uploads\/2025\/03\/quisoc2-1024x1024.jpg","datePublished":"2019-09-07T09:59:55+00:00","dateModified":"2025-09-15T11:13:32+00:00","breadcrumb":{"@id":"https:\/\/guiadescalada.com\/es\/qui-soc\/#breadcrumb"},"inLanguage":"es","potentialAction":[{"@type":"ReadAction","target":["https:\/\/guiadescalada.com\/es\/qui-soc\/"]}]},{"@type":"ImageObject","inLanguage":"es","@id":"https:\/\/guiadescalada.com\/es\/qui-soc\/#primaryimage","url":"https:\/\/guiadescalada.com\/wp-content\/uploads\/2025\/03\/quisoc2-1024x1024.jpg","contentUrl":"https:\/\/guiadescalada.com\/wp-content\/uploads\/2025\/03\/quisoc2-1024x1024.jpg"},{"@type":"BreadcrumbList","@id":"https:\/\/guiadescalada.com\/es\/qui-soc\/#breadcrumb","itemListElement":[{"@type":"ListItem","position":1,"name":"Inici","item":"https:\/\/guiadescalada.com\/es\/"},{"@type":"ListItem","position":2,"name":"Qui\u00e9n soy"}]},{"@type":"WebSite","@id":"https:\/\/guiadescalada.com\/es\/#website","url":"https:\/\/guiadescalada.com\/es\/","name":"Octavi - Guia d'Escalada","description":"Octavi - Guia d&#039;Escalada","publisher":{"@id":"https:\/\/guiadescalada.com\/es\/#organization"},"alternateName":"Octavi - Guia d'Escalada","potentialAction":[{"@type":"SearchAction","target":{"@type":"EntryPoint","urlTemplate":"https:\/\/guiadescalada.com\/es\/?s={search_term_string}"},"query-input":{"@type":"PropertyValueSpecification","valueRequired":true,"valueName":"search_term_string"}}],"inLanguage":"es"},{"@type":"Organization","@id":"https:\/\/guiadescalada.com\/es\/#organization","name":"Octavi - Guia d'Escalada","alternateName":"Octavi - Guia d'Escalada","url":"https:\/\/guiadescalada.com\/es\/","logo":{"@type":"ImageObject","inLanguage":"es","@id":"https:\/\/guiadescalada.com\/es\/#\/schema\/logo\/image\/","url":"https:\/\/guiadescalada.com\/wp-content\/uploads\/2025\/11\/Nou-logo.svg","contentUrl":"https:\/\/guiadescalada.com\/wp-content\/uploads\/2025\/11\/Nou-logo.svg","caption":"Octavi - Guia d'Escalada"},"image":{"@id":"https:\/\/guiadescalada.com\/es\/#\/schema\/logo\/image\/"},"sameAs":["https:\/\/www.instagram.com\/octavi.guiadescalada\/"]}]}},"_links":{"self":[{"href":"https:\/\/guiadescalada.com\/es\/wp-json\/wp\/v2\/pages\/1711","targetHints":{"allow":["GET"]}}],"collection":[{"href":"https:\/\/guiadescalada.com\/es\/wp-json\/wp\/v2\/pages"}],"about":[{"href":"https:\/\/guiadescalada.com\/es\/wp-json\/wp\/v2\/types\/page"}],"author":[{"embeddable":true,"href":"https:\/\/guiadescalada.com\/es\/wp-json\/wp\/v2\/users\/1"}],"replies":[{"embeddable":true,"href":"https:\/\/guiadescalada.com\/es\/wp-json\/wp\/v2\/comments?post=1711"}],"version-history":[{"count":13,"href":"https:\/\/guiadescalada.com\/es\/wp-json\/wp\/v2\/pages\/1711\/revisions"}],"predecessor-version":[{"id":1908,"href":"https:\/\/guiadescalada.com\/es\/wp-json\/wp\/v2\/pages\/1711\/revisions\/1908"}],"wp:attachment":[{"href":"https:\/\/guiadescalada.com\/es\/wp-json\/wp\/v2\/media?parent=1711"}],"curies":[{"name":"wp","href":"https:\/\/api.w.org\/{rel}","templated":true}]}}