{"id":2090,"date":"2025-11-03T16:55:15","date_gmt":"2025-11-03T14:55:15","guid":{"rendered":"https:\/\/guiadescalada.com\/pedraforca\/"},"modified":"2025-11-24T15:03:09","modified_gmt":"2025-11-24T13:03:09","slug":"pedraforca","status":"publish","type":"page","link":"https:\/\/guiadescalada.com\/es\/pedraforca\/","title":{"rendered":"Pedraforca"},"content":{"rendered":"\t\t<div data-elementor-type=\"wp-page\" data-elementor-id=\"2090\" class=\"elementor elementor-2090 elementor-2007\" data-elementor-post-type=\"page\">\n\t\t\t\t\t\t<section class=\"elementor-section elementor-top-section elementor-element elementor-element-e54ca08 elementor-section-boxed elementor-section-height-default elementor-section-height-default\" data-id=\"e54ca08\" data-element_type=\"section\">\n\t\t\t\t\t\t<div class=\"elementor-container elementor-column-gap-default\">\n\t\t\t\t\t<div class=\"aux-parallax-section elementor-column elementor-col-100 elementor-top-column elementor-element elementor-element-8110819\" data-id=\"8110819\" data-element_type=\"column\">\n\t\t\t<div class=\"elementor-widget-wrap elementor-element-populated\">\n\t\t\t\t\t\t<section class=\"elementor-section elementor-inner-section elementor-element elementor-element-a413fb8 elementor-section-boxed elementor-section-height-default elementor-section-height-default\" data-id=\"a413fb8\" data-element_type=\"section\">\n\t\t\t\t\t\t<div class=\"elementor-container elementor-column-gap-default\">\n\t\t\t\t\t<div class=\"aux-parallax-section elementor-column elementor-col-50 elementor-inner-column elementor-element elementor-element-0386684\" data-id=\"0386684\" data-element_type=\"column\" data-settings=\"{&quot;background_background&quot;:&quot;classic&quot;}\">\n\t\t\t<div class=\"elementor-widget-wrap elementor-element-populated\">\n\t\t\t\t\t\t<div class=\"elementor-element elementor-element-00eaac2 aux-appear-watch-animation aux-fade-in-up elementor-hidden-mobile elementor-widget elementor-widget-aux_modern_heading\" data-id=\"00eaac2\" data-element_type=\"widget\" data-widget_type=\"aux_modern_heading.default\">\n\t\t\t\t<div class=\"elementor-widget-container\">\n\t\t\t\t\t<section class=\"aux-widget-modern-heading\">\n            <div class=\"aux-widget-inner\"><h4 class=\"aux-modern-heading-primary\"><\/h4><h3 class=\"aux-modern-heading-secondary\"><span class=\"aux-head-before\">Pedraforca<\/span><\/h3><\/div>\n        <\/section>\t\t\t\t<\/div>\n\t\t\t\t<\/div>\n\t\t\t\t<div class=\"elementor-element elementor-element-7caeba8 elementor-hidden-mobile elementor-widget elementor-widget-text-editor\" data-id=\"7caeba8\" data-element_type=\"widget\" data-widget_type=\"text-editor.default\">\n\t\t\t\t<div class=\"elementor-widget-container\">\n\t\t\t\t\t\t\t\t\t<p>Mar de roca<\/p>\t\t\t\t\t\t\t\t<\/div>\n\t\t\t\t<\/div>\n\t\t\t\t<div class=\"elementor-element elementor-element-e45fa48 elementor-widget elementor-widget-image\" data-id=\"e45fa48\" data-element_type=\"widget\" data-widget_type=\"image.default\">\n\t\t\t\t<div class=\"elementor-widget-container\">\n\t\t\t\t\t\t\t\t\t\t\t\t\t\t\t<img fetchpriority=\"high\" decoding=\"async\" width=\"800\" height=\"1024\" src=\"https:\/\/guiadescalada.com\/wp-content\/uploads\/2025\/11\/pedra1-800x1024.jpg\" class=\"attachment-large size-large wp-image-2046\" alt=\"\" \/>\t\t\t\t\t\t\t\t\t\t\t\t\t\t\t<\/div>\n\t\t\t\t<\/div>\n\t\t\t\t\t<\/div>\n\t\t<\/div>\n\t\t\t\t<div class=\"aux-parallax-section elementor-column elementor-col-50 elementor-inner-column elementor-element elementor-element-f5d4682\" data-id=\"f5d4682\" data-element_type=\"column\" data-settings=\"{&quot;background_background&quot;:&quot;classic&quot;}\">\n\t\t\t<div class=\"elementor-widget-wrap elementor-element-populated\">\n\t\t\t\t\t\t<div class=\"elementor-element elementor-element-1964bfe elementor-hidden-desktop elementor-hidden-tablet elementor-widget elementor-widget-text-editor\" data-id=\"1964bfe\" data-element_type=\"widget\" data-widget_type=\"text-editor.default\">\n\t\t\t\t<div class=\"elementor-widget-container\">\n\t\t\t\t\t\t\t\t\tPedraforca\t\t\t\t\t\t\t\t<\/div>\n\t\t\t\t<\/div>\n\t\t\t\t<div class=\"elementor-element elementor-element-8034fb9 elementor-hidden-desktop elementor-hidden-tablet elementor-widget elementor-widget-text-editor\" data-id=\"8034fb9\" data-element_type=\"widget\" data-widget_type=\"text-editor.default\">\n\t\t\t\t<div class=\"elementor-widget-container\">\n\t\t\t\t\t\t\t\t\t<p>Mar de roca<\/p>\t\t\t\t\t\t\t\t<\/div>\n\t\t\t\t<\/div>\n\t\t\t\t<div class=\"elementor-element elementor-element-da12825 elementor-widget elementor-widget-text-editor\" data-id=\"da12825\" data-element_type=\"widget\" data-widget_type=\"text-editor.default\">\n\t\t\t\t<div class=\"elementor-widget-container\">\n\t\t\t\t\t\t\t\t\t<p>El Pedraforca, conocido como <strong>El Pedra<\/strong>, es uno de los macizos calc\u00e1reos m\u00e1s emblem\u00e1ticos del Prepirineo catal\u00e1n. Aunque no destaque por su altura, poco m\u00e1s de 2.500 metros en su cima principal conocida como el <em>Polleg\u00f3 Superior<\/em>, su car\u00e1cter y magnetismo lo transforman en un macizo especial. Monta\u00f1a de perfil hipnotizante y f\u00e1bulas mil dibuja dos grandes cimas separadas por un gran corte denominado <em>Enforcadura<\/em> y una gran lengua de rocas en medio de nombre <em>Tartera<\/em>. En ella se esconden cinco cimas m\u00e1s y una infinidad de formaciones rocosas de estilos totalmente opuestos que, en tan poco espacio, la hacen \u00fanica. Goza de una de las caras norte m\u00e1s alpinas y con m\u00e1s historia del territorio catal\u00e1n y peninsular, donde las paredes hablan por s\u00ed solas de aventuras vividas, \u00e9picas primeras ascensiones a principios del siglo veinte que van de la mano de horribles cat\u00e1strofes talmente sacadas de un guion de pel\u00edcula.<\/p><p>La roca de la cara norte convive invierno tras invierno con la nieve y el hielo, hecho que la hace especial y, a momentos, dif\u00edcil de lidiar, pero de una gran calidad. V\u00edas de m\u00e1s de 600 metros de recorrido por diedros verticales de roca perfecta combinado con tramos sencillos de roca descompuesta que hacen sudar, hecho que la convierte en la vertiente de aventura que no deja indiferente a nadie que decide adentrarse a ella. Opuesta a la norte, la monol\u00edtica cara sur del <em>Polleg\u00f3 Inferior<\/em> goza de uno de los mejores calc\u00e1reos del mundo con placas de m\u00e1s de 400 metros. Agujeros, regletas, \u201cgotas de agua\u201d, presas que no existen y tubos de \u00f3rgano (canalizos) de tal perfecci\u00f3n que hacen viajar a un universo del que nunca querr\u00edas salir. La pared de <em>Cabirols<\/em>, la cara sur del <em>Calderer<\/em>, el <em>Gat<\/em>, la cara norte del <em>Polleg\u00f3 Inferior<\/em>, el <em>Roget<\/em>, etc., infinidad de paredes que hacen del <strong>Pedraforca<\/strong>\u00a0uno de los destinos de escalada de v\u00eda larga m\u00e1s bellos donde poder escalar, con centenares de v\u00edas y estilos, y una cosa que no podemos discutir: <strong>disfrutar de una soledad en sus paredes dif\u00edcil de comprender<\/strong>.<\/p><p>\u00a1Escalar, trepar, andar, correr o una combinaci\u00f3n de todo, a ritmos pausados o bien m\u00e1s ligeros, puede ser una forma para descubrir o redescubrir esta preciosa y amada <strong>MONTA\u00d1A<\/strong>!<\/p><p>\u00a0<\/p><p><strong>PEDRAFORCA<\/strong> MAR DE ROCA<\/p>\t\t\t\t\t\t\t\t<\/div>\n\t\t\t\t<\/div>\n\t\t\t\t\t<\/div>\n\t\t<\/div>\n\t\t\t\t\t<\/div>\n\t\t<\/section>\n\t\t\t\t\t<\/div>\n\t\t<\/div>\n\t\t\t\t\t<\/div>\n\t\t<\/section>\n\t\t\t\t<section class=\"elementor-section elementor-top-section elementor-element elementor-element-7d96215 elementor-section-boxed elementor-section-height-default elementor-section-height-default\" data-id=\"7d96215\" data-element_type=\"section\">\n\t\t\t\t\t\t<div class=\"elementor-container elementor-column-gap-default\">\n\t\t\t\t\t<div class=\"aux-parallax-section elementor-column elementor-col-100 elementor-top-column elementor-element elementor-element-bd1d35d\" data-id=\"bd1d35d\" data-element_type=\"column\">\n\t\t\t<div class=\"elementor-widget-wrap elementor-element-populated\">\n\t\t\t\t\t\t<div class=\"elementor-element elementor-element-e177ee4 elementor-widget elementor-widget-bdt-advanced-image-gallery\" data-id=\"e177ee4\" data-element_type=\"widget\" data-widget_type=\"bdt-advanced-image-gallery.default\">\n\t\t\t\t<div class=\"elementor-widget-container\">\n\t\t\t\t\t\t\t<div id=\"bdt-avdg-e177ee4\" class=\"bdt-ep-advanced-image-gallery bdt-ep-advanced-image-gallery-skin-default bdt-grid bdt-grid-small bdt-child-width-1-1 bdt-child-width-1-3@s bdt-child-width-1-3@m\" data-bdt-grid=\"\" data-bdt-lightbox=\"animation: slide;\" data-settings=\"{&quot;id&quot;:&quot;#bdt-avdg-e177ee4&quot;,&quot;tiltShow&quot;:false}\">\n\t\t\t\n\t\t\t\t<div class=\"bdt-ep-advanced-image-gallery-item bdt-transition-toggle\">\n\t\t\t\t\t<div class=\"bdt-ep-advanced-image-gallery-inner\">\n\t\t\t\t\t\t<div class=\"bdt-ep-advanced-image-gallery-thumbnail bdt-transition-toggle\"><img decoding=\"async\" width=\"800\" height=\"1067\" src=\"https:\/\/guiadescalada.com\/wp-content\/uploads\/2025\/11\/pedra4.jpg\" class=\"jgalleryImage\" alt=\"pedra4\" srcset=\"https:\/\/guiadescalada.com\/wp-content\/uploads\/2025\/11\/pedra4.jpg 800w, https:\/\/guiadescalada.com\/wp-content\/uploads\/2025\/11\/pedra4-200x267.jpg 200w, https:\/\/guiadescalada.com\/wp-content\/uploads\/2025\/11\/pedra4-600x800.jpg 600w\" sizes=\"(max-width: 800px) 100vw, 800px\" \/><\/div>\t\t<div class=\"bdt-position-cover bdt-overlay bdt-overlay-default bdt-transition-fade\">\n\t\t\t<div class=\"bdt-ep-advanced-image-gallery-content\">\n\t\t\t\t<div class=\"bdt-ep-advanced-image-gallery-content-inner\">\n\n\t\t\t\t\t\t\t\t\t\t\t\t\t\t\t\t<div class=\"bdt-flex-inline bdt-ep-advanced-image-gallery-item-link-wrapper\">\n\t\t\t\t\t\t\t<a class=\"bdt-ep-advanced-image-gallery-item-link elementor-clickable icon-type-icon \" data-elementor-open-lightbox=\"no\" data-caption=\"\" data-href=\"https:\/\/guiadescalada.com\/wp-content\/uploads\/2025\/11\/pedra4.jpg\">\n\t\t\t\t\t\t\t\t\n\t\t\t\t\t\t\t\t\t\t\t\t\t\t\t\t\t\t\t<span>\n\t\t\t\t\t\t\t\t\t\t\t<i class=\"ep-icon-plus-2\"><\/i>\n\t\t\t\t\t\t\t\t\t\t<\/span>\n\t\t\t\t\t\t\t\t\t\n\t\t\t\t\t\t\t\t\t\t\t\t\t\t\t<\/a>\n\t\t\t\t\t\t<\/div>\n\t\t\t\t\t\n\t\t\t\t\t\t\t\t\t<\/div>\n\t\t\t<\/div>\n\t\t<\/div>\n\t\t\t\t\t<\/div>\n\t\t\t\t\t\t\t\t\t<\/div>\n\n\t\t\t\n\t\t\t\t<div class=\"bdt-ep-advanced-image-gallery-item bdt-transition-toggle\">\n\t\t\t\t\t<div class=\"bdt-ep-advanced-image-gallery-inner\">\n\t\t\t\t\t\t<div class=\"bdt-ep-advanced-image-gallery-thumbnail bdt-transition-toggle\"><img decoding=\"async\" width=\"800\" height=\"1067\" src=\"https:\/\/guiadescalada.com\/wp-content\/uploads\/2025\/11\/pedra3.jpg\" class=\"jgalleryImage\" alt=\"pedra3\" srcset=\"https:\/\/guiadescalada.com\/wp-content\/uploads\/2025\/11\/pedra3.jpg 800w, https:\/\/guiadescalada.com\/wp-content\/uploads\/2025\/11\/pedra3-200x267.jpg 200w, https:\/\/guiadescalada.com\/wp-content\/uploads\/2025\/11\/pedra3-600x800.jpg 600w\" sizes=\"(max-width: 800px) 100vw, 800px\" \/><\/div>\t\t<div class=\"bdt-position-cover bdt-overlay bdt-overlay-default bdt-transition-fade\">\n\t\t\t<div class=\"bdt-ep-advanced-image-gallery-content\">\n\t\t\t\t<div class=\"bdt-ep-advanced-image-gallery-content-inner\">\n\n\t\t\t\t\t\t\t\t\t\t\t\t\t\t\t\t<div class=\"bdt-flex-inline bdt-ep-advanced-image-gallery-item-link-wrapper\">\n\t\t\t\t\t\t\t<a class=\"bdt-ep-advanced-image-gallery-item-link elementor-clickable icon-type-icon \" data-elementor-open-lightbox=\"no\" data-caption=\"\" data-href=\"https:\/\/guiadescalada.com\/wp-content\/uploads\/2025\/11\/pedra3.jpg\">\n\t\t\t\t\t\t\t\t\n\t\t\t\t\t\t\t\t\t\t\t\t\t\t\t\t\t\t\t<span>\n\t\t\t\t\t\t\t\t\t\t\t<i class=\"ep-icon-plus-2\"><\/i>\n\t\t\t\t\t\t\t\t\t\t<\/span>\n\t\t\t\t\t\t\t\t\t\n\t\t\t\t\t\t\t\t\t\t\t\t\t\t\t<\/a>\n\t\t\t\t\t\t<\/div>\n\t\t\t\t\t\n\t\t\t\t\t\t\t\t\t<\/div>\n\t\t\t<\/div>\n\t\t<\/div>\n\t\t\t\t\t<\/div>\n\t\t\t\t\t\t\t\t\t<\/div>\n\n\t\t\t\n\t\t\t\t<div class=\"bdt-ep-advanced-image-gallery-item bdt-transition-toggle\">\n\t\t\t\t\t<div class=\"bdt-ep-advanced-image-gallery-inner\">\n\t\t\t\t\t\t<div class=\"bdt-ep-advanced-image-gallery-thumbnail bdt-transition-toggle\"><img loading=\"lazy\" decoding=\"async\" width=\"800\" height=\"1067\" src=\"https:\/\/guiadescalada.com\/wp-content\/uploads\/2025\/11\/pedra2.jpg\" class=\"jgalleryImage\" alt=\"pedra2\" srcset=\"https:\/\/guiadescalada.com\/wp-content\/uploads\/2025\/11\/pedra2.jpg 800w, https:\/\/guiadescalada.com\/wp-content\/uploads\/2025\/11\/pedra2-200x267.jpg 200w, https:\/\/guiadescalada.com\/wp-content\/uploads\/2025\/11\/pedra2-600x800.jpg 600w\" sizes=\"(max-width: 800px) 100vw, 800px\" \/><\/div>\t\t<div class=\"bdt-position-cover bdt-overlay bdt-overlay-default bdt-transition-fade\">\n\t\t\t<div class=\"bdt-ep-advanced-image-gallery-content\">\n\t\t\t\t<div class=\"bdt-ep-advanced-image-gallery-content-inner\">\n\n\t\t\t\t\t\t\t\t\t\t\t\t\t\t\t\t<div class=\"bdt-flex-inline bdt-ep-advanced-image-gallery-item-link-wrapper\">\n\t\t\t\t\t\t\t<a class=\"bdt-ep-advanced-image-gallery-item-link elementor-clickable icon-type-icon \" data-elementor-open-lightbox=\"no\" data-caption=\"\" data-href=\"https:\/\/guiadescalada.com\/wp-content\/uploads\/2025\/11\/pedra2.jpg\">\n\t\t\t\t\t\t\t\t\n\t\t\t\t\t\t\t\t\t\t\t\t\t\t\t\t\t\t\t<span>\n\t\t\t\t\t\t\t\t\t\t\t<i class=\"ep-icon-plus-2\"><\/i>\n\t\t\t\t\t\t\t\t\t\t<\/span>\n\t\t\t\t\t\t\t\t\t\n\t\t\t\t\t\t\t\t\t\t\t\t\t\t\t<\/a>\n\t\t\t\t\t\t<\/div>\n\t\t\t\t\t\n\t\t\t\t\t\t\t\t\t<\/div>\n\t\t\t<\/div>\n\t\t<\/div>\n\t\t\t\t\t<\/div>\n\t\t\t\t\t\t\t\t\t<\/div>\n\n\t\t\t\t\t<\/div>\n\t\t\t\t\t<\/div>\n\t\t\t\t<\/div>\n\t\t\t\t\t<\/div>\n\t\t<\/div>\n\t\t\t\t\t<\/div>\n\t\t<\/section>\n\t\t\t\t<\/div>\n\t\t","protected":false},"excerpt":{"rendered":"<p>Pedraforca Mar de roca Pedraforca Mar de roca El Pedraforca, conocido como El Pedra, es uno de los macizos calc\u00e1reos m\u00e1s emblem\u00e1ticos del Prepirineo catal\u00e1n. Aunque no destaque por su altura, poco m\u00e1s de 2.500 metros en su cima principal conocida como el Polleg\u00f3 Superior, su car\u00e1cter y magnetismo lo transforman en un macizo especial. [&hellip;]<\/p>\n","protected":false},"author":1,"featured_media":0,"parent":0,"menu_order":0,"comment_status":"closed","ping_status":"closed","template":"","meta":{"footnotes":""},"class_list":["post-2090","page","type-page","status-publish","hentry"],"yoast_head":"<!-- This site is optimized with the Yoast SEO plugin v27.2 - https:\/\/yoast.com\/product\/yoast-seo-wordpress\/ -->\n<title>Pedraforca - Octavi - Guia d&#039;escalada<\/title>\n<meta name=\"robots\" content=\"index, follow, max-snippet:-1, max-image-preview:large, max-video-preview:-1\" \/>\n<link rel=\"canonical\" href=\"https:\/\/guiadescalada.com\/es\/pedraforca\/\" \/>\n<meta property=\"og:locale\" content=\"es_ES\" \/>\n<meta property=\"og:type\" content=\"article\" \/>\n<meta property=\"og:title\" content=\"Pedraforca - Octavi - Guia d&#039;escalada\" \/>\n<meta property=\"og:description\" content=\"Pedraforca Mar de roca Pedraforca Mar de roca El Pedraforca, conocido como El Pedra, es uno de los macizos calc\u00e1reos m\u00e1s emblem\u00e1ticos del Prepirineo catal\u00e1n. Aunque no destaque por su altura, poco m\u00e1s de 2.500 metros en su cima principal conocida como el Polleg\u00f3 Superior, su car\u00e1cter y magnetismo lo transforman en un macizo especial. [&hellip;]\" \/>\n<meta property=\"og:url\" content=\"https:\/\/guiadescalada.com\/es\/pedraforca\/\" \/>\n<meta property=\"og:site_name\" content=\"Octavi - Guia d&#039;escalada\" \/>\n<meta property=\"article:modified_time\" content=\"2025-11-24T13:03:09+00:00\" \/>\n<meta property=\"og:image\" content=\"https:\/\/guiadescalada.com\/wp-content\/uploads\/2025\/11\/pedra1.jpg\" \/>\n\t<meta property=\"og:image:width\" content=\"800\" \/>\n\t<meta property=\"og:image:height\" content=\"1067\" \/>\n\t<meta property=\"og:image:type\" content=\"image\/jpeg\" \/>\n<meta name=\"twitter:card\" content=\"summary_large_image\" \/>\n<meta name=\"twitter:label1\" content=\"Tiempo de lectura\" \/>\n\t<meta name=\"twitter:data1\" content=\"2 minutos\" \/>\n<script type=\"application\/ld+json\" class=\"yoast-schema-graph\">{\"@context\":\"https:\/\/schema.org\",\"@graph\":[{\"@type\":\"WebPage\",\"@id\":\"https:\/\/guiadescalada.com\/es\/pedraforca\/\",\"url\":\"https:\/\/guiadescalada.com\/es\/pedraforca\/\",\"name\":\"Pedraforca - Octavi - Guia d&#039;escalada\",\"isPartOf\":{\"@id\":\"https:\/\/guiadescalada.com\/es\/#website\"},\"primaryImageOfPage\":{\"@id\":\"https:\/\/guiadescalada.com\/es\/pedraforca\/#primaryimage\"},\"image\":{\"@id\":\"https:\/\/guiadescalada.com\/es\/pedraforca\/#primaryimage\"},\"thumbnailUrl\":\"https:\/\/guiadescalada.com\/wp-content\/uploads\/2025\/11\/pedra1-800x1024.jpg\",\"datePublished\":\"2025-11-03T14:55:15+00:00\",\"dateModified\":\"2025-11-24T13:03:09+00:00\",\"breadcrumb\":{\"@id\":\"https:\/\/guiadescalada.com\/es\/pedraforca\/#breadcrumb\"},\"inLanguage\":\"es\",\"potentialAction\":[{\"@type\":\"ReadAction\",\"target\":[\"https:\/\/guiadescalada.com\/es\/pedraforca\/\"]}]},{\"@type\":\"ImageObject\",\"inLanguage\":\"es\",\"@id\":\"https:\/\/guiadescalada.com\/es\/pedraforca\/#primaryimage\",\"url\":\"https:\/\/guiadescalada.com\/wp-content\/uploads\/2025\/11\/pedra1-800x1024.jpg\",\"contentUrl\":\"https:\/\/guiadescalada.com\/wp-content\/uploads\/2025\/11\/pedra1-800x1024.jpg\"},{\"@type\":\"BreadcrumbList\",\"@id\":\"https:\/\/guiadescalada.com\/es\/pedraforca\/#breadcrumb\",\"itemListElement\":[{\"@type\":\"ListItem\",\"position\":1,\"name\":\"Inici\",\"item\":\"https:\/\/guiadescalada.com\/es\/\"},{\"@type\":\"ListItem\",\"position\":2,\"name\":\"Pedraforca\"}]},{\"@type\":\"WebSite\",\"@id\":\"https:\/\/guiadescalada.com\/es\/#website\",\"url\":\"https:\/\/guiadescalada.com\/es\/\",\"name\":\"Octavi - Guia d'Escalada\",\"description\":\"Octavi - Guia d&#039;Escalada\",\"publisher\":{\"@id\":\"https:\/\/guiadescalada.com\/es\/#organization\"},\"alternateName\":\"Octavi - Guia d'Escalada\",\"potentialAction\":[{\"@type\":\"SearchAction\",\"target\":{\"@type\":\"EntryPoint\",\"urlTemplate\":\"https:\/\/guiadescalada.com\/es\/?s={search_term_string}\"},\"query-input\":{\"@type\":\"PropertyValueSpecification\",\"valueRequired\":true,\"valueName\":\"search_term_string\"}}],\"inLanguage\":\"es\"},{\"@type\":\"Organization\",\"@id\":\"https:\/\/guiadescalada.com\/es\/#organization\",\"name\":\"Octavi - Guia d'Escalada\",\"alternateName\":\"Octavi - Guia d'Escalada\",\"url\":\"https:\/\/guiadescalada.com\/es\/\",\"logo\":{\"@type\":\"ImageObject\",\"inLanguage\":\"es\",\"@id\":\"https:\/\/guiadescalada.com\/es\/#\/schema\/logo\/image\/\",\"url\":\"https:\/\/guiadescalada.com\/wp-content\/uploads\/2025\/11\/Nou-logo.svg\",\"contentUrl\":\"https:\/\/guiadescalada.com\/wp-content\/uploads\/2025\/11\/Nou-logo.svg\",\"caption\":\"Octavi - Guia d'Escalada\"},\"image\":{\"@id\":\"https:\/\/guiadescalada.com\/es\/#\/schema\/logo\/image\/\"},\"sameAs\":[\"https:\/\/www.instagram.com\/octavi.guiadescalada\/\"]}]}<\/script>\n<!-- \/ Yoast SEO plugin. -->","yoast_head_json":{"title":"Pedraforca - Octavi - Guia d&#039;escalada","robots":{"index":"index","follow":"follow","max-snippet":"max-snippet:-1","max-image-preview":"max-image-preview:large","max-video-preview":"max-video-preview:-1"},"canonical":"https:\/\/guiadescalada.com\/es\/pedraforca\/","og_locale":"es_ES","og_type":"article","og_title":"Pedraforca - Octavi - Guia d&#039;escalada","og_description":"Pedraforca Mar de roca Pedraforca Mar de roca El Pedraforca, conocido como El Pedra, es uno de los macizos calc\u00e1reos m\u00e1s emblem\u00e1ticos del Prepirineo catal\u00e1n. Aunque no destaque por su altura, poco m\u00e1s de 2.500 metros en su cima principal conocida como el Polleg\u00f3 Superior, su car\u00e1cter y magnetismo lo transforman en un macizo especial. [&hellip;]","og_url":"https:\/\/guiadescalada.com\/es\/pedraforca\/","og_site_name":"Octavi - Guia d&#039;escalada","article_modified_time":"2025-11-24T13:03:09+00:00","og_image":[{"width":800,"height":1067,"url":"https:\/\/guiadescalada.com\/wp-content\/uploads\/2025\/11\/pedra1.jpg","type":"image\/jpeg"}],"twitter_card":"summary_large_image","twitter_misc":{"Tiempo de lectura":"2 minutos"},"schema":{"@context":"https:\/\/schema.org","@graph":[{"@type":"WebPage","@id":"https:\/\/guiadescalada.com\/es\/pedraforca\/","url":"https:\/\/guiadescalada.com\/es\/pedraforca\/","name":"Pedraforca - Octavi - Guia d&#039;escalada","isPartOf":{"@id":"https:\/\/guiadescalada.com\/es\/#website"},"primaryImageOfPage":{"@id":"https:\/\/guiadescalada.com\/es\/pedraforca\/#primaryimage"},"image":{"@id":"https:\/\/guiadescalada.com\/es\/pedraforca\/#primaryimage"},"thumbnailUrl":"https:\/\/guiadescalada.com\/wp-content\/uploads\/2025\/11\/pedra1-800x1024.jpg","datePublished":"2025-11-03T14:55:15+00:00","dateModified":"2025-11-24T13:03:09+00:00","breadcrumb":{"@id":"https:\/\/guiadescalada.com\/es\/pedraforca\/#breadcrumb"},"inLanguage":"es","potentialAction":[{"@type":"ReadAction","target":["https:\/\/guiadescalada.com\/es\/pedraforca\/"]}]},{"@type":"ImageObject","inLanguage":"es","@id":"https:\/\/guiadescalada.com\/es\/pedraforca\/#primaryimage","url":"https:\/\/guiadescalada.com\/wp-content\/uploads\/2025\/11\/pedra1-800x1024.jpg","contentUrl":"https:\/\/guiadescalada.com\/wp-content\/uploads\/2025\/11\/pedra1-800x1024.jpg"},{"@type":"BreadcrumbList","@id":"https:\/\/guiadescalada.com\/es\/pedraforca\/#breadcrumb","itemListElement":[{"@type":"ListItem","position":1,"name":"Inici","item":"https:\/\/guiadescalada.com\/es\/"},{"@type":"ListItem","position":2,"name":"Pedraforca"}]},{"@type":"WebSite","@id":"https:\/\/guiadescalada.com\/es\/#website","url":"https:\/\/guiadescalada.com\/es\/","name":"Octavi - Guia d'Escalada","description":"Octavi - Guia d&#039;Escalada","publisher":{"@id":"https:\/\/guiadescalada.com\/es\/#organization"},"alternateName":"Octavi - Guia d'Escalada","potentialAction":[{"@type":"SearchAction","target":{"@type":"EntryPoint","urlTemplate":"https:\/\/guiadescalada.com\/es\/?s={search_term_string}"},"query-input":{"@type":"PropertyValueSpecification","valueRequired":true,"valueName":"search_term_string"}}],"inLanguage":"es"},{"@type":"Organization","@id":"https:\/\/guiadescalada.com\/es\/#organization","name":"Octavi - Guia d'Escalada","alternateName":"Octavi - Guia d'Escalada","url":"https:\/\/guiadescalada.com\/es\/","logo":{"@type":"ImageObject","inLanguage":"es","@id":"https:\/\/guiadescalada.com\/es\/#\/schema\/logo\/image\/","url":"https:\/\/guiadescalada.com\/wp-content\/uploads\/2025\/11\/Nou-logo.svg","contentUrl":"https:\/\/guiadescalada.com\/wp-content\/uploads\/2025\/11\/Nou-logo.svg","caption":"Octavi - Guia d'Escalada"},"image":{"@id":"https:\/\/guiadescalada.com\/es\/#\/schema\/logo\/image\/"},"sameAs":["https:\/\/www.instagram.com\/octavi.guiadescalada\/"]}]}},"_links":{"self":[{"href":"https:\/\/guiadescalada.com\/es\/wp-json\/wp\/v2\/pages\/2090","targetHints":{"allow":["GET"]}}],"collection":[{"href":"https:\/\/guiadescalada.com\/es\/wp-json\/wp\/v2\/pages"}],"about":[{"href":"https:\/\/guiadescalada.com\/es\/wp-json\/wp\/v2\/types\/page"}],"author":[{"embeddable":true,"href":"https:\/\/guiadescalada.com\/es\/wp-json\/wp\/v2\/users\/1"}],"replies":[{"embeddable":true,"href":"https:\/\/guiadescalada.com\/es\/wp-json\/wp\/v2\/comments?post=2090"}],"version-history":[{"count":22,"href":"https:\/\/guiadescalada.com\/es\/wp-json\/wp\/v2\/pages\/2090\/revisions"}],"predecessor-version":[{"id":2239,"href":"https:\/\/guiadescalada.com\/es\/wp-json\/wp\/v2\/pages\/2090\/revisions\/2239"}],"wp:attachment":[{"href":"https:\/\/guiadescalada.com\/es\/wp-json\/wp\/v2\/media?parent=2090"}],"curies":[{"name":"wp","href":"https:\/\/api.w.org\/{rel}","templated":true}]}}